{"id":760,"date":"2019-07-22T07:16:54","date_gmt":"2019-07-22T07:16:54","guid":{"rendered":"https:\/\/www.strandchaletkatwijk.nl\/privacy-policy\/"},"modified":"2019-12-04T14:14:32","modified_gmt":"2019-12-04T14:14:32","slug":"datenschutzerklaerung","status":"publish","type":"page","link":"https:\/\/www.strandchaletkatwijk.nl\/de\/datenschutzerklaerung\/","title":{"rendered":"Datenschutzerkl\u00e4rung"},"content":{"rendered":"<h3>DATENSCHUTZERKL\u00c4RUNG<\/h3>\n<p>Strandchalet Katwijk B.V. respektiert die Privatsph\u00e4re der Besucher auf seiner Website, insbesondere die Rechte der Besucher in Bezug auf die automatisierte Verarbeitung personenbezogener Daten. Aus Gr\u00fcnden der vollst\u00e4ndigen Transparenz gegen\u00fcber unseren Kunden haben wir daher eine Richtlinie entwickelt und umgesetzt, die sich auf diese Verarbeitungen selbst, ihren Zweck und die M\u00f6glichkeiten f\u00fcr die betroffenen Personen bezieht, ihre Rechte nach besten Kr\u00e4ften auszu\u00fcben.<\/p>\n<p>F\u00fcr alle weiteren Informationen \u00fcber den Schutz personenbezogener Daten besuchen Sie bitte die Website der Datenschutzbeh\u00f6rde: https:\/\/autoriteitpersoonsgegevens.nl\/nl.<\/p>\n<p>Mit dem weiteren Besuch dieser Website akzeptieren Sie die folgenden Nutzungsbedingungen. Sie akzeptieren die Verwendung von Cookies und anderen Trackingsystemen. Wenn Sie die Nutzung von Cookies und anderer Trackingsysteme verhindern m\u00f6chten, klicken Sie bitte auf www.strandchaletkatwijk.nl.<\/p>\n<p>Die aktuelle Version der auf der Website verf\u00fcgbaren Datenschutzerkl\u00e4rung ist die einzige Version, die gilt, solange Sie die Website besuchen, bis eine neue Version die aktuelle Version ersetzt.<\/p>\n<h3>Artikel 1 &#8211; Gesetzliche Bestimmungen<\/h3>\n<p>1. Website (im Folgenden auch \u201edie Website\u201c): www.strandchaletkatwijk.nl<br \/>\n2. Verantwortlich f\u00fcr die Verarbeitung personenbezogener Daten (im Folgenden auch: \u201eder Administrator\u201c): Strandchalet Katwijk B.V., Boulevard Zeezijde 35-37, 2225 BB Katwijk, Handelskammer-Nummer: 76213218.<\/p>\n<h3>Artikel 2 &#8211; Zugang zur Website<\/h3>\n<p>Der Zugang zur Website und deren Nutzung ist streng pers\u00f6nlich. Sie d\u00fcrfen diese Website oder die darauf bereitgestellten Daten und Informationen weder f\u00fcr kommerzielle, politische oder Werbezwecke noch f\u00fcr kommerzielle Angebote und insbesondere nicht f\u00fcr unaufgeforderte elektronische Angebote nutzen.<\/p>\n<h3>Artikel 3 &#8211; Der Inhalt der Website<\/h3>\n<p>Alle Marken, Bilder, Texte, Kommentare, Illustrationen, (animierten) Bilder, Videobilder, Sounds sowie alle technischen Anwendungen, die f\u00fcr die Funktion der Website sowie generell f\u00fcr alle auf dieser Website verwendeten Komponenten verwendet werden k\u00f6nnen, sind gesetzlich durch Urheberrechte gesch\u00fctzt. Jede Vervielf\u00e4ltigung, Wiederholung, Verwendung oder Anpassung, gleich welcher Art, der gesamten Webseite oder eines Teils davon, einschlie\u00dflich der technischen Anwendungen, ist ohne vorherige schriftliche Zustimmung des Verantwortlichen strengstens verboten. Wenn der Administrator nicht unverz\u00fcglich Ma\u00dfnahmen gegen Verst\u00f6\u00dfe ergreift, kann dies nicht als stillschweigende Zustimmung oder Verzicht auf eine Strafverfolgung ausgelegt werden.<\/p>\n<h3>Artikel 4 &#8211; Verwaltung der Website<\/h3>\n<p>F\u00fcr die ordnungsgem\u00e4\u00dfe Verwaltung der Website kann der Administrator jederzeit:<br \/>\n\u2022 den Zugang zu der gesamten oder einem Teil der Website f\u00fcr eine bestimmte Kategorie von Besuchern aussetzen, unterbrechen oder beschr\u00e4nken;<br \/>\n\u2022 alle Informationen entfernen, die das Funktionieren der Website beeintr\u00e4chtigen oder gegen nationale oder internationale Gesetze oder gegen die Internet-Etikette versto\u00dfen k\u00f6nnten;<br \/>\n\u2022 die Website vor\u00fcbergehend au\u00dfer Betrieb setzen, um Updates durchf\u00fchren zu k\u00f6nnen.<\/p>\n<h3>Artikel 5 &#8211; Verantwortlichkeiten<\/h3>\n<p>Der Administrator ist in keinem Fall verantwortlich f\u00fcr Ausf\u00e4lle, Fehlfunktionen, Schwierigkeiten oder Unterbrechungen der Funktionsweise der Website, durch die die Website oder eine ihrer Funktionen nicht zug\u00e4nglich ist. Die Art und Weise, wie Sie die Verbindung mit der Website suchen, liegt in Ihrer eigenen Verantwortung. Sie sind daf\u00fcr verantwortlich, alle geeigneten Ma\u00dfnahmen zu ergreifen, um Ihre Ger\u00e4te und Daten unter anderem vor Virenangriffen im Internet zu sch\u00fctzen. Sie sind auch verantwortlich f\u00fcr die Websites und die Daten, die Sie im Internet konsultieren.<\/p>\n<p>Der Administrator ist nicht haftbar f\u00fcr rechtliche Schritte gegen Sie:<br \/>\n\u2022 infolge der Nutzung der Website oder der \u00fcber das Internet zug\u00e4nglichen Dienstleistungen<br \/>\n\u2022 infolge von Verst\u00f6\u00dfen gegen die Bestimmungen dieser Datenschutzerkl\u00e4rung.<br \/>\nDer Administrator ist nicht verantwortlich f\u00fcr Sch\u00e4den, die Ihnen oder Dritten oder an Ihren Ger\u00e4ten infolge Ihrer Verbindung zu oder Nutzung der Website entstehen. Sie sind gehalten, von jeder Handlung gegen den Administrator als Folge davon abzusehen.<\/p>\n<p>Wenn der Administrator durch Ihre Nutzung dieser Website in einen Rechtsstreit verwickelt wird, hat er das Recht, von Ihnen eine Entsch\u00e4digung f\u00fcr alle Sch\u00e4den zu verlangen, die ihm dadurch entstehen und entstehen werden.<\/p>\n<h3>Artikel 6 &#8211; Erhebung von Daten<\/h3>\n<p>Ihre Daten werden von Strandchalet Katwijk B.V. und einem (oder mehreren) externen Dienstleister(n) gesammelt. Personenbezogene Daten sind alle Informationen \u00fcber eine identifizierte oder identifizierbare nat\u00fcrliche Person; eine identifizierbare nat\u00fcrliche Person ist eine Person, die direkt oder indirekt identifiziert werden kann, insbesondere durch Bezugnahme auf einen Identifikator wie einen Namen, eine Identifikationsnummer, Ortsdaten, einen Online-Identifikator oder einen oder mehrere Faktoren, die f\u00fcr die physische, physiologische, genetische, mentale, wirtschaftliche, kulturelle oder soziale Identit\u00e4t charakteristisch sind.<\/p>\n<p>Die auf der Website erhobenen personenbezogenen Daten werden vom Administrator haupts\u00e4chlich f\u00fcr die Pflege der Beziehungen zu Ihnen und gegebenenfalls f\u00fcr die Bearbeitung Ihrer Bestellungen verwendet.<\/p>\n<h3>Artikel 7 &#8211; Ihre Rechte in Bezug auf Ihre Daten<\/h3>\n<p>Gem\u00e4\u00df Artikel 13, Absatz 2, Buchstabe b) DSGVO hat jeder das Recht, seine personenbezogenen Daten einzusehen, zu berichtigen oder zu l\u00f6schen oder die Verarbeitung, die ihn betrifft, einzuschr\u00e4nken, sowie das Recht, der Verarbeitung zu widersprechen und das Recht auf Daten\u00fcbertragbarkeit. Sie k\u00f6nnen diese Rechte aus\u00fcben, indem Sie uns unter info@strandchaletkatwijk.nl kontaktieren.<\/p>\n<p>Jeder Anfrage ist eine Kopie eines g\u00fcltigen Ausweises beizuf\u00fcgen, auf dem Sie unterschrieben haben, unter Angabe der Adresse, unter der Sie kontaktiert werden k\u00f6nnen. Sie erhalten innerhalb von 1 Monat nach der eingereichten Anfrage eine Antwort auf Ihre Anfrage. Abh\u00e4ngig von der Komplexit\u00e4t der Anfragen und der Anzahl kann sich diese Frist bei Bedarf um 2 Monate verl\u00e4ngern.<\/p>\n<h3>Artikel 8 &#8211; Verarbeitung personenbezogener Daten<\/h3>\n<p>Im Falle eines Versto\u00dfes gegen Gesetze oder Vorschriften, hinter dem der Besucher vermutet wird und f\u00fcr den die Beh\u00f6rden vom Administrator erfasste personenbezogene Daten ben\u00f6tigen, werden diese den Beh\u00f6rden auf ausdr\u00fcckliche und begr\u00fcndete Anfrage dieser Beh\u00f6rden zur Verf\u00fcgung gestellt, sodass diese personenbezogenen Daten nicht mehr unter den Schutz der Bestimmungen dieser Datenschutzerkl\u00e4rung fallen.<\/p>\n<p>Wenn bestimmte Informationen erforderlich sind, um Zugang zu bestimmten Funktionen der Website zu erhalten, wird die verantwortliche Partei zum Zeitpunkt der Anforderung der Daten auf den verbindlichen Charakter dieser Informationen hinweisen.<\/p>\n<h3>Artikel 9 \u2013 Kommerzielle Angebote<\/h3>\n<p>Sie k\u00f6nnen kommerzielle Angebote vom Administrator erhalten. Wenn Sie diese nicht (mehr) erhalten m\u00f6chten, senden Sie bitte eine E-Mail an folgende Adresse: info@strandchaletkatwijk.nl.<\/p>\n<p>Wenn Sie w\u00e4hrend des Besuchs der Website auf pers\u00f6nliche Daten sto\u00dfen, m\u00fcssen Sie davon absehen, diese zu sammeln oder in irgendeiner anderen unbefugten Weise zu nutzen oder Handlungen zu vollziehen, die die Privatsph\u00e4re dieser Personen verletzen. Der Administrator ist in den oben genannten Situationen in keiner Weise verantwortlich.<\/p>\n<h3>Artikel 10 \u2013 Aufbewahrungsfrist von Daten<\/h3>\n<p>Die vom Administrator der Website erhobenen Daten werden f\u00fcr die gesetzlich vorgeschriebene Dauer verwendet und gespeichert.<\/p>\n<h3>Artikel 11 &#8211; Cookies<\/h3>\n<p>1. Ein Cookie ist eine kleine Textdatei, die auf der Festplatte Ihres Computers gespeichert wird, wenn Sie unsere Website besuchen. Ein Cookie enth\u00e4lt Daten, damit Sie bei jedem Besuch unserer Website als Besucher erkannt werden k\u00f6nnen. Auf diese Weise ist es m\u00f6glich, unsere Website speziell f\u00fcr Sie einzurichten und die Anmeldung zu erleichtern. Wenn Sie unsere Website besuchen, erscheint ein Banner, mit dem wir Sie \u00fcber die Verwendung von Cookies informieren. Durch die weitere Nutzung unserer Website akzeptieren Sie deren Nutzung. Ihre Zustimmung gilt f\u00fcr einen Zeitraum von dreizehn Monaten.<br \/>\n2. Auf unserer Website verwenden wir die folgenden Arten von Cookies:<br \/>\nFunktionale Cookies, wie beispielsweise Sitzungs- und Anmelde-Cookies, um Sitzungs- und Anmeldeinformationen zu verfolgen.<br \/>\n&#8211; Anonymisierte Analyse-Cookies, um basierend auf Informationen \u00fcber Besucherzahlen, beliebte Seiten und Themen einen Einblick in den Besuch unserer Website zu erhalten. Dies erm\u00f6glicht es uns, die Kommunikation und Bereitstellung von Informationen besser auf die Bed\u00fcrfnisse der Besucher unserer Website abzustimmen. Wir k\u00f6nnen nicht sehen, wer unsere Website besucht oder von welchem Computer aus der Besuch stattfindet.<br \/>\n&#8211; Nicht anonymisierte Analyse-Cookies, um basierend auf Informationen \u00fcber Besucherzahlen, beliebte Seiten und Themen einen Einblick in den Besuch unserer Website zu gewinnen. Dies erm\u00f6glicht es uns, die Kommunikation und Bereitstellung von Informationen besser auf die Bed\u00fcrfnisse der Besucher unserer Website abzustimmen.<br \/>\n&#8211; Tracking-Cookies, beispielsweise Werbe-Cookies, die f\u00fcr das Anzeigen relevanter Werbung bestimmt sind. Aus den Informationen \u00fcber besuchte Websites k\u00f6nnen pers\u00f6nliche Interessen abgeleitet werden. Auf diese Weise k\u00f6nnen Unternehmen ihren Website-Besuchern beispielsweise gezielte Werbung pr\u00e4sentieren. Tracking-Cookies erm\u00f6glichen es, Profile von Personen zu erstellen und diese unterschiedlich zu behandeln. Tracking-Cookies verarbeiten in der Regel personenbezogene Daten.<br \/>\n3. Wir nutzen insbesondere folgende Cookies:<br \/>\n&#8211; Google Analytics, anonymisiert (Analyse-Cookies)<br \/>\n&#8211; Google Analytics (Analyse-Cookie)<br \/>\n&#8211; Adobe (Analyse-Cookie)<br \/>\n&#8211; Facebook (Tracking-Cookie)<br \/>\n&#8211; Google AdWords (Tracking-Cookie)<br \/>\n4. Wenn Sie unsere Website besuchen, k\u00f6nnen vom Administrator und\/oder Dritten Cookies auf Ihrem Endger\u00e4t installiert werden.<br \/>\n5. F\u00fcr weitere Informationen \u00fcber die Verwendung, Verwaltung und das L\u00f6schen von Cookies f\u00fcr jeden Browsertyp verweisen wir Sie auf den folgenden Link: https:\/\/autoriteitpersoonsgegevens.nl\/nl\/onderwerpen\/internet-telefoon-tv-en-post\/cookies#faq<\/p>\n<h3>Artikel 12 &#8211; Bildmaterial und angebotene Produkte<\/h3>\n<p>Aus dem Bildmaterial zu den auf der Website angebotenen Produkten k\u00f6nnen keine Rechte abgeleitet werden.<\/p>\n<h3>Artikel 13 &#8211; Anwendbares Recht<\/h3>\n<p>Diese Bedingungen unterliegen dem niederl\u00e4ndischen Recht. F\u00fcr alle Streitigkeiten im Zusammenhang mit diesen Bedingungen ist ausschlie\u00dflich das Gericht am Wohnsitz des Administrators zust\u00e4ndig, es sei denn, es gilt eine gesetzliche Ausnahme.<\/p>\n<h3>Artikel 14 &#8211; Kontakt<\/h3>\n<p>F\u00fcr Fragen, Produktinformationen oder Informationen \u00fcber die Website selbst kontaktieren Sie uns bitte unter: Strandchalet Katwijk B.V., info@strandchaletkatwijk.nl, +31 (0)71 40 123 14.<\/p>\n","protected":false},"excerpt":{"rendered":"<p>DATENSCHUTZERKL\u00c4RUNG Strandchalet Katwijk B.V. respektiert die Privatsph\u00e4re der Besucher auf seiner Website, insbesondere die Rechte der Besucher in Bezug auf die automatisierte Verarbeitung personenbezogener Daten. Aus Gr\u00fcnden der vollst\u00e4ndigen Transparenz&#8230;<\/p>\n","protected":false},"author":1,"featured_media":0,"parent":0,"menu_order":0,"comment_status":"closed","ping_status":"closed","template":"","meta":{"footnotes":""},"class_list":["post-760","page","type-page","status-publish"],"yoast_head":"<!-- This site is optimized with the Yoast SEO plugin v27.6 - https:\/\/yoast.com\/product\/yoast-seo-wordpress\/ -->\n<title>Datenschutzerkl\u00e4rung &#183; Strandchalets Katwijk<\/title>\n<meta name=\"robots\" content=\"noindex, follow\" \/>\n<meta property=\"og:locale\" content=\"de_DE\" \/>\n<meta property=\"og:type\" content=\"article\" \/>\n<meta property=\"og:title\" content=\"Datenschutzerkl\u00e4rung &#183; Strandchalets Katwijk\" \/>\n<meta property=\"og:description\" content=\"DATENSCHUTZERKL\u00c4RUNG Strandchalet Katwijk B.V. respektiert die Privatsph\u00e4re der Besucher auf seiner Website, insbesondere die Rechte der Besucher in Bezug auf die automatisierte Verarbeitung personenbezogener Daten. Aus Gr\u00fcnden der vollst\u00e4ndigen Transparenz...\" \/>\n<meta property=\"og:url\" content=\"https:\/\/www.strandchaletkatwijk.nl\/de\/datenschutzerklaerung\/\" \/>\n<meta property=\"og:site_name\" content=\"Strandchalets Katwijk\" \/>\n<meta property=\"article:publisher\" content=\"https:\/\/www.facebook.com\/ZANDkw\" \/>\n<meta property=\"article:modified_time\" content=\"2019-12-04T14:14:32+00:00\" \/>\n<meta name=\"twitter:card\" content=\"summary_large_image\" \/>\n<meta name=\"twitter:label1\" content=\"Gesch\u00e4tzte Lesezeit\" \/>\n\t<meta name=\"twitter:data1\" content=\"8\u00a0Minuten\" \/>\n<script type=\"application\/ld+json\" class=\"yoast-schema-graph\">{\"@context\":\"https:\\\/\\\/schema.org\",\"@graph\":[{\"@type\":\"WebPage\",\"@id\":\"https:\\\/\\\/www.strandchaletkatwijk.nl\\\/de\\\/datenschutzerklaerung\\\/\",\"url\":\"https:\\\/\\\/www.strandchaletkatwijk.nl\\\/de\\\/datenschutzerklaerung\\\/\",\"name\":\"Datenschutzerkl\u00e4rung &#183; Strandchalets Katwijk\",\"isPartOf\":{\"@id\":\"https:\\\/\\\/www.strandchaletkatwijk.nl\\\/#website\"},\"datePublished\":\"2019-07-22T07:16:54+00:00\",\"dateModified\":\"2019-12-04T14:14:32+00:00\",\"breadcrumb\":{\"@id\":\"https:\\\/\\\/www.strandchaletkatwijk.nl\\\/de\\\/datenschutzerklaerung\\\/#breadcrumb\"},\"inLanguage\":\"de\",\"potentialAction\":[{\"@type\":\"ReadAction\",\"target\":[\"https:\\\/\\\/www.strandchaletkatwijk.nl\\\/de\\\/datenschutzerklaerung\\\/\"]}]},{\"@type\":\"BreadcrumbList\",\"@id\":\"https:\\\/\\\/www.strandchaletkatwijk.nl\\\/de\\\/datenschutzerklaerung\\\/#breadcrumb\",\"itemListElement\":[{\"@type\":\"ListItem\",\"position\":1,\"name\":\"Home\",\"item\":\"https:\\\/\\\/www.strandchaletkatwijk.nl\\\/de\\\/\"},{\"@type\":\"ListItem\",\"position\":2,\"name\":\"Datenschutzerkl\u00e4rung\"}]},{\"@type\":\"WebSite\",\"@id\":\"https:\\\/\\\/www.strandchaletkatwijk.nl\\\/#website\",\"url\":\"https:\\\/\\\/www.strandchaletkatwijk.nl\\\/\",\"name\":\"Strandchalets Katwijk\",\"description\":\"Strandhuisjes op het strand van Katwijk\",\"publisher\":{\"@id\":\"https:\\\/\\\/www.strandchaletkatwijk.nl\\\/#organization\"},\"potentialAction\":[{\"@type\":\"SearchAction\",\"target\":{\"@type\":\"EntryPoint\",\"urlTemplate\":\"https:\\\/\\\/www.strandchaletkatwijk.nl\\\/?s={search_term_string}\"},\"query-input\":{\"@type\":\"PropertyValueSpecification\",\"valueRequired\":true,\"valueName\":\"search_term_string\"}}],\"inLanguage\":\"de\"},{\"@type\":\"Organization\",\"@id\":\"https:\\\/\\\/www.strandchaletkatwijk.nl\\\/#organization\",\"name\":\"Strandchalet Katwijk\",\"url\":\"https:\\\/\\\/www.strandchaletkatwijk.nl\\\/\",\"logo\":{\"@type\":\"ImageObject\",\"inLanguage\":\"de\",\"@id\":\"https:\\\/\\\/www.strandchaletkatwijk.nl\\\/#\\\/schema\\\/logo\\\/image\\\/\",\"url\":\"https:\\\/\\\/www.strandchaletkatwijk.nl\\\/wp-content\\\/uploads\\\/logo-strandchalet-katwijk.png\",\"contentUrl\":\"https:\\\/\\\/www.strandchaletkatwijk.nl\\\/wp-content\\\/uploads\\\/logo-strandchalet-katwijk.png\",\"width\":564,\"height\":78,\"caption\":\"Strandchalet Katwijk\"},\"image\":{\"@id\":\"https:\\\/\\\/www.strandchaletkatwijk.nl\\\/#\\\/schema\\\/logo\\\/image\\\/\"},\"sameAs\":[\"https:\\\/\\\/www.facebook.com\\\/ZANDkw\",\"https:\\\/\\\/www.instagram.com\\\/zandkw\\\/\"]}]}<\/script>\n<!-- \/ Yoast SEO plugin. -->","yoast_head_json":{"title":"Datenschutzerkl\u00e4rung &#183; Strandchalets Katwijk","robots":{"index":"noindex","follow":"follow"},"og_locale":"de_DE","og_type":"article","og_title":"Datenschutzerkl\u00e4rung &#183; Strandchalets Katwijk","og_description":"DATENSCHUTZERKL\u00c4RUNG Strandchalet Katwijk B.V. respektiert die Privatsph\u00e4re der Besucher auf seiner Website, insbesondere die Rechte der Besucher in Bezug auf die automatisierte Verarbeitung personenbezogener Daten. Aus Gr\u00fcnden der vollst\u00e4ndigen Transparenz...","og_url":"https:\/\/www.strandchaletkatwijk.nl\/de\/datenschutzerklaerung\/","og_site_name":"Strandchalets Katwijk","article_publisher":"https:\/\/www.facebook.com\/ZANDkw","article_modified_time":"2019-12-04T14:14:32+00:00","twitter_card":"summary_large_image","twitter_misc":{"Gesch\u00e4tzte Lesezeit":"8\u00a0Minuten"},"schema":{"@context":"https:\/\/schema.org","@graph":[{"@type":"WebPage","@id":"https:\/\/www.strandchaletkatwijk.nl\/de\/datenschutzerklaerung\/","url":"https:\/\/www.strandchaletkatwijk.nl\/de\/datenschutzerklaerung\/","name":"Datenschutzerkl\u00e4rung &#183; Strandchalets Katwijk","isPartOf":{"@id":"https:\/\/www.strandchaletkatwijk.nl\/#website"},"datePublished":"2019-07-22T07:16:54+00:00","dateModified":"2019-12-04T14:14:32+00:00","breadcrumb":{"@id":"https:\/\/www.strandchaletkatwijk.nl\/de\/datenschutzerklaerung\/#breadcrumb"},"inLanguage":"de","potentialAction":[{"@type":"ReadAction","target":["https:\/\/www.strandchaletkatwijk.nl\/de\/datenschutzerklaerung\/"]}]},{"@type":"BreadcrumbList","@id":"https:\/\/www.strandchaletkatwijk.nl\/de\/datenschutzerklaerung\/#breadcrumb","itemListElement":[{"@type":"ListItem","position":1,"name":"Home","item":"https:\/\/www.strandchaletkatwijk.nl\/de\/"},{"@type":"ListItem","position":2,"name":"Datenschutzerkl\u00e4rung"}]},{"@type":"WebSite","@id":"https:\/\/www.strandchaletkatwijk.nl\/#website","url":"https:\/\/www.strandchaletkatwijk.nl\/","name":"Strandchalets Katwijk","description":"Strandhuisjes op het strand van Katwijk","publisher":{"@id":"https:\/\/www.strandchaletkatwijk.nl\/#organization"},"potentialAction":[{"@type":"SearchAction","target":{"@type":"EntryPoint","urlTemplate":"https:\/\/www.strandchaletkatwijk.nl\/?s={search_term_string}"},"query-input":{"@type":"PropertyValueSpecification","valueRequired":true,"valueName":"search_term_string"}}],"inLanguage":"de"},{"@type":"Organization","@id":"https:\/\/www.strandchaletkatwijk.nl\/#organization","name":"Strandchalet Katwijk","url":"https:\/\/www.strandchaletkatwijk.nl\/","logo":{"@type":"ImageObject","inLanguage":"de","@id":"https:\/\/www.strandchaletkatwijk.nl\/#\/schema\/logo\/image\/","url":"https:\/\/www.strandchaletkatwijk.nl\/wp-content\/uploads\/logo-strandchalet-katwijk.png","contentUrl":"https:\/\/www.strandchaletkatwijk.nl\/wp-content\/uploads\/logo-strandchalet-katwijk.png","width":564,"height":78,"caption":"Strandchalet Katwijk"},"image":{"@id":"https:\/\/www.strandchaletkatwijk.nl\/#\/schema\/logo\/image\/"},"sameAs":["https:\/\/www.facebook.com\/ZANDkw","https:\/\/www.instagram.com\/zandkw\/"]}]}},"_links":{"self":[{"href":"https:\/\/www.strandchaletkatwijk.nl\/de\/wp-json\/wp\/v2\/pages\/760","targetHints":{"allow":["GET"]}}],"collection":[{"href":"https:\/\/www.strandchaletkatwijk.nl\/de\/wp-json\/wp\/v2\/pages"}],"about":[{"href":"https:\/\/www.strandchaletkatwijk.nl\/de\/wp-json\/wp\/v2\/types\/page"}],"author":[{"embeddable":true,"href":"https:\/\/www.strandchaletkatwijk.nl\/de\/wp-json\/wp\/v2\/users\/1"}],"replies":[{"embeddable":true,"href":"https:\/\/www.strandchaletkatwijk.nl\/de\/wp-json\/wp\/v2\/comments?post=760"}],"version-history":[{"count":0,"href":"https:\/\/www.strandchaletkatwijk.nl\/de\/wp-json\/wp\/v2\/pages\/760\/revisions"}],"wp:attachment":[{"href":"https:\/\/www.strandchaletkatwijk.nl\/de\/wp-json\/wp\/v2\/media?parent=760"}],"curies":[{"name":"wp","href":"https:\/\/api.w.org\/{rel}","templated":true}]}}