{"id":583,"date":"2019-08-14T13:58:27","date_gmt":"2019-08-14T13:58:27","guid":{"rendered":"https:\/\/www.strandchaletkatwijk.nl\/contact\/"},"modified":"2020-04-14T10:06:59","modified_gmt":"2020-04-14T10:06:59","slug":"kontakt","status":"publish","type":"page","link":"https:\/\/www.strandchaletkatwijk.nl\/de\/kontakt\/","title":{"rendered":"Kontakt"},"content":{"rendered":"[vc_row type=&#8220;full_width_content&#8220; full_screen_row_position=&#8220;middle&#8220; equal_height=&#8220;yes&#8220; scene_position=&#8220;center&#8220; text_color=&#8220;dark&#8220; text_align=&#8220;left&#8220; overlay_strength=&#8220;0.8&#8243; shape_divider_position=&#8220;bottom&#8220; bg_image_animation=&#8220;none&#8220; shape_type=&#8220;&#8220;][vc_column column_padding=&#8220;no-extra-padding&#8220; column_padding_position=&#8220;all&#8220; background_color_opacity=&#8220;1&#8243; background_hover_color_opacity=&#8220;1&#8243; background_image=&#8220;1022&#8243; enable_bg_scale=&#8220;true&#8220; column_link_target=&#8220;_self&#8220; column_shadow=&#8220;none&#8220; column_border_radius=&#8220;none&#8220; width=&#8220;2\/3&#8243; tablet_width_inherit=&#8220;default&#8220; tablet_text_alignment=&#8220;default&#8220; phone_text_alignment=&#8220;default&#8220; column_border_width=&#8220;none&#8220; column_border_style=&#8220;solid&#8220; bg_image_animation=&#8220;none&#8220;][\/vc_column][vc_column column_padding=&#8220;padding-5-percent&#8220; column_padding_position=&#8220;all&#8220; background_color_opacity=&#8220;1&#8243; background_hover_color_opacity=&#8220;1&#8243; column_link_target=&#8220;_self&#8220; column_shadow=&#8220;none&#8220; column_border_radius=&#8220;none&#8220; width=&#8220;1\/3&#8243; tablet_width_inherit=&#8220;default&#8220; tablet_text_alignment=&#8220;default&#8220; phone_text_alignment=&#8220;default&#8220; column_border_width=&#8220;none&#8220; column_border_style=&#8220;solid&#8220; bg_image_animation=&#8220;none&#8220;][vc_column_text]\n<h3>Kontakt<\/h3>\n<p>Strandchalet Katwijk<br \/>\nBoulevard Zeezijde 35<br \/>\n2225 BB Katwijk aan Zee<\/p>\n<p>Tel.: <a href=\"tel:+31(0)714012314\">+31(0)71 40 123 14<\/a><br \/>\nMail: <a href=\"mailto:info@strandchaletkatwijk.nl\">info@strandchaletkatwijk.nl<\/a>[\/vc_column_text][\/vc_column][\/vc_row][vc_row type=&#8220;in_container&#8220; full_screen_row_position=&#8220;middle&#8220; scene_position=&#8220;center&#8220; text_color=&#8220;dark&#8220; text_align=&#8220;left&#8220; zindex=&#8220;999&#8243; overlay_strength=&#8220;0.3&#8243; shape_divider_position=&#8220;bottom&#8220; bg_image_animation=&#8220;none&#8220; shape_type=&#8220;&#8220;][vc_column centered_text=&#8220;true&#8220; column_padding=&#8220;padding-2-percent&#8220; column_padding_position=&#8220;all&#8220; background_color=&#8220;rgba(255,255,255,0.5)&#8220; background_color_opacity=&#8220;1&#8243; background_hover_color_opacity=&#8220;1&#8243; column_link_target=&#8220;_self&#8220; column_shadow=&#8220;none&#8220; column_border_radius=&#8220;none&#8220; width=&#8220;1\/1&#8243; tablet_width_inherit=&#8220;default&#8220; tablet_text_alignment=&#8220;default&#8220; phone_text_alignment=&#8220;default&#8220; column_border_width=&#8220;none&#8220; column_border_style=&#8220;solid&#8220; bg_image_animation=&#8220;none&#8220;][vc_row_inner column_margin=&#8220;default&#8220; text_align=&#8220;left&#8220;][vc_column_inner column_padding=&#8220;no-extra-padding&#8220; column_padding_position=&#8220;all&#8220; background_color=&#8220;#f0f0f0&#8243; background_color_opacity=&#8220;1&#8243; background_hover_color_opacity=&#8220;1&#8243; column_shadow=&#8220;none&#8220; column_border_radius=&#8220;none&#8220; column_link_target=&#8220;_self&#8220; el_class=&#8220;boeken-padding&#8220; width=&#8220;1\/1&#8243; tablet_width_inherit=&#8220;default&#8220; column_border_width=&#8220;none&#8220; column_border_style=&#8220;solid&#8220; bg_image_animation=&#8220;none&#8220;][vc_column_text]\n<div class=\"book-container\"><\/div>\n[\/vc_column_text][\/vc_column_inner][\/vc_row_inner][\/vc_column][\/vc_row][vc_row type=&#8220;in_container&#8220; full_screen_row_position=&#8220;middle&#8220; scene_position=&#8220;center&#8220; text_color=&#8220;dark&#8220; text_align=&#8220;left&#8220; overlay_strength=&#8220;0.3&#8243; shape_divider_position=&#8220;bottom&#8220; bg_image_animation=&#8220;none&#8220; shape_type=&#8220;&#8220;][vc_column column_padding=&#8220;no-extra-padding&#8220; column_padding_position=&#8220;all&#8220; background_color_opacity=&#8220;1&#8243; background_hover_color_opacity=&#8220;1&#8243; column_link_target=&#8220;_self&#8220; column_shadow=&#8220;none&#8220; column_border_radius=&#8220;none&#8220; width=&#8220;1\/1&#8243; tablet_width_inherit=&#8220;default&#8220; tablet_text_alignment=&#8220;default&#8220; phone_text_alignment=&#8220;default&#8220; column_border_width=&#8220;none&#8220; column_border_style=&#8220;solid&#8220; bg_image_animation=&#8220;none&#8220;][image_with_animation image_url=&#8220;166&#8243; alignment=&#8220;&#8220; animation=&#8220;Fade In&#8220; border_radius=&#8220;none&#8220; box_shadow=&#8220;none&#8220; max_width=&#8220;100%&#8220; el_class=&#8220;element-bg ele-left&#8220;][vc_row_inner column_margin=&#8220;default&#8220; text_align=&#8220;left&#8220; el_id=&#8220;nachricht&#8220;][vc_column_inner column_padding=&#8220;padding-10-percent&#8220; column_padding_position=&#8220;left-right&#8220; background_color_opacity=&#8220;1&#8243; background_hover_color_opacity=&#8220;1&#8243; column_shadow=&#8220;none&#8220; column_border_radius=&#8220;none&#8220; column_link_target=&#8220;_self&#8220; width=&#8220;1\/2&#8243; tablet_width_inherit=&#8220;default&#8220; column_border_width=&#8220;none&#8220; column_border_style=&#8220;solid&#8220; bg_image_animation=&#8220;none&#8220;][vc_column_text el_class=&#8220;oranje&#8220;]\n<h3>Parken<\/h3>\n<p>Sie k\u00f6nnen leider nicht mit Ihrem Fahrzeug direkt an der Strandh\u00fctte parken. Zum Ein- und Ausladen d\u00fcrfen Sie allerdings kurz mit dem Auto bis zur Strandh\u00fctte fahren. Danach k\u00f6nnen Sie Ihr Fahrzeug am Boulevard abstellen. Dort kostet das Parken 2,00\u00a0\u20ac pro Stunde (sonntags kostenlos). Am Parkautomaten k\u00f6nnen Sie f\u00fcr 10,00\u00a0\u20ac eine Tageskarte kaufen. Diese ist bis zum n\u00e4chsten Tag um 10:00\u00a0Uhr g\u00fcltig. Sie k\u00f6nnen aber auch gleich bei Ihrer Buchung Tageskarten bestellen.<\/p>\n<p>Sie m\u00f6chten lieber \u00fcberdacht parken? Dann empfehlen wir Ihnen das Parkhaus am Zeehospitium, Zeehosplein 25. Das Parkhaus hat von Montag bis Sonntag von 07:00 bis 23:00\u00a0Uhr ge\u00f6ffnet.\u00a0 Hier kostet das Parken 1,60\u00a0\u20ac pro Stunde. Der Tagestarif betr\u00e4gt 8,00\u00a0\u20ac. Erkunden Sie sich an der Rezeption nach den M\u00f6glichkeiten.<\/p>\n<h3>Katwijk aan Zee<\/h3>\n<p>Katwijk aan Zee ist ein Familienbadeort, ideal f\u00fcr einen Strandurlaub mit der ganzen Familie. Mitten in der Metropolregion und nur einen Steinwurf von historischen St\u00e4dten wie Leiden und Den Haag entfernt. Aber auch Wassenaar und Noordwijk sind in direkter N\u00e4he. Damit ist Katwijk ein entspannter Ruhepol mitten in der D\u00fcnen- und Blumenlandschaft. Die Umgebung von Katwijk l\u00e4dt zum Radfahren, Wandern oder einfach nur zum Entspannen ein. Um Katwijk herum gibt es au\u00dferdem zahlreiche Wellness-Zentren und ein subtropisches Badeparadies.<br \/>\n[\/vc_column_text][vc_column_text el_class=&#8220;groen&#8220;]\n<h3>\u00d6ffnungszeiten Rezeption<\/h3>\n<p>T\u00e4glich von 10:00 bis 17:00\u00a0Uhr. Einchecken nach 17:00\u00a0Uhr? Rufen Sie uns an unter <a href=\"tel:+31(0)714012314\">+31 (0)71 40 123 14<\/a>.[\/vc_column_text][\/vc_column_inner][vc_column_inner column_padding=&#8220;padding-3-percent&#8220; column_padding_position=&#8220;all&#8220; background_color=&#8220;#fafaf7&#8243; background_color_opacity=&#8220;1&#8243; background_hover_color_opacity=&#8220;1&#8243; column_shadow=&#8220;none&#8220; column_border_radius=&#8220;none&#8220; column_link_target=&#8220;_self&#8220; width=&#8220;1\/2&#8243; tablet_width_inherit=&#8220;default&#8220; column_border_width=&#8220;none&#8220; column_border_style=&#8220;solid&#8220; bg_image_animation=&#8220;none&#8220;][vc_column_text el_class=&#8220;oranje&#8220;]\n<h3>Senden Sie uns eine Frage<\/h3>\n<h4>Wir helfen Ihnen gerne weiter<\/h4>\n\n<div class=\"wpcf7 no-js\" id=\"wpcf7-f587-o1\" lang=\"nl-BE\" dir=\"ltr\" data-wpcf7-id=\"587\">\n<div class=\"screen-reader-response\"><p role=\"status\" aria-live=\"polite\" aria-atomic=\"true\"><\/p> <ul><\/ul><\/div>\n<form action=\"\/de\/wp-json\/wp\/v2\/pages\/583#wpcf7-f587-o1\" method=\"post\" class=\"wpcf7-form init\" aria-label=\"Contactformulier\" novalidate=\"novalidate\" data-status=\"init\">\n<fieldset class=\"hidden-fields-container\"><input type=\"hidden\" name=\"_wpcf7\" value=\"587\" \/><input type=\"hidden\" name=\"_wpcf7_version\" value=\"6.1.5\" \/><input type=\"hidden\" name=\"_wpcf7_locale\" value=\"nl_BE\" \/><input type=\"hidden\" name=\"_wpcf7_unit_tag\" value=\"wpcf7-f587-o1\" \/><input type=\"hidden\" name=\"_wpcf7_container_post\" value=\"0\" \/><input type=\"hidden\" name=\"_wpcf7_posted_data_hash\" value=\"\" \/><input type=\"hidden\" name=\"_wpcf7_recaptcha_response\" value=\"\" \/>\n<\/fieldset>\n<p><label> Name<br \/>\n<span class=\"wpcf7-form-control-wrap\" data-name=\"naam\"><input size=\"40\" maxlength=\"400\" class=\"wpcf7-form-control wpcf7-text wpcf7-validates-as-required\" aria-required=\"true\" aria-invalid=\"false\" value=\"\" type=\"text\" name=\"naam\" \/><\/span> <\/label>\n<\/p>\n<p><label> Telefon<br \/>\n<span class=\"wpcf7-form-control-wrap\" data-name=\"telefoon\"><input size=\"40\" maxlength=\"400\" class=\"wpcf7-form-control wpcf7-tel wpcf7-validates-as-required wpcf7-text wpcf7-validates-as-tel\" aria-required=\"true\" aria-invalid=\"false\" value=\"\" type=\"tel\" name=\"telefoon\" \/><\/span> <\/label>\n<\/p>\n<p><label> E-mail<br \/>\n<span class=\"wpcf7-form-control-wrap\" data-name=\"email\"><input size=\"40\" maxlength=\"400\" class=\"wpcf7-form-control wpcf7-email wpcf7-validates-as-required wpcf7-text wpcf7-validates-as-email\" aria-required=\"true\" aria-invalid=\"false\" value=\"\" type=\"email\" name=\"email\" \/><\/span> <\/label>\n<\/p>\n<p><label> Ihre Frage<br \/>\n<span class=\"wpcf7-form-control-wrap\" data-name=\"je-vraag\"><textarea cols=\"40\" rows=\"10\" maxlength=\"2000\" class=\"wpcf7-form-control wpcf7-textarea\" aria-invalid=\"false\" name=\"je-vraag\"><\/textarea><\/span> <\/label>\n<\/p>\n<p><input class=\"wpcf7-form-control wpcf7-submit has-spinner\" type=\"submit\" value=\"Senden\" \/>\n<\/p><div class=\"wpcf7-response-output\" aria-hidden=\"true\"><\/div>\n<\/form>\n<\/div>\n[\/vc_column_text][\/vc_column_inner][\/vc_row_inner][image_with_animation image_url=&#8220;163&#8243; alignment=&#8220;&#8220; animation=&#8220;Fade In&#8220; border_radius=&#8220;none&#8220; box_shadow=&#8220;none&#8220; max_width=&#8220;100%&#8220; el_class=&#8220;ele-right&#8220;][\/vc_column][\/vc_row][vc_row type=&#8220;full_width_content&#8220; full_screen_row_position=&#8220;middle&#8220; scene_position=&#8220;center&#8220; text_color=&#8220;dark&#8220; text_align=&#8220;left&#8220; overlay_strength=&#8220;0.3&#8243; shape_divider_position=&#8220;bottom&#8220; bg_image_animation=&#8220;none&#8220; shape_type=&#8220;&#8220;][vc_column column_padding=&#8220;no-extra-padding&#8220; column_padding_position=&#8220;all&#8220; background_color_opacity=&#8220;1&#8243; background_hover_color_opacity=&#8220;1&#8243; column_link_target=&#8220;_self&#8220; column_shadow=&#8220;none&#8220; column_border_radius=&#8220;none&#8220; width=&#8220;1\/1&#8243; tablet_width_inherit=&#8220;default&#8220; tablet_text_alignment=&#8220;default&#8220; phone_text_alignment=&#8220;default&#8220; column_border_width=&#8220;none&#8220; column_border_style=&#8220;solid&#8220; bg_image_animation=&#8220;none&#8220;][nectar_gmap map_type=&#8220;leaflet&#8220; zoom=&#8220;16&#8243; marker_style=&#8220;nectar&#8220; color=&#8220;accent-color&#8220; leaflet_map_greyscale=&#8220;1&#8243; size=&#8220;350&#8243; map_center_lat=&#8220;52.2027&#8243; map_center_lng=&#8220;4.3883&#8243; map_markers=&#8220;52.2027|4.3883|Zeezijde 35, Katwijk aan Zee&#8220;][\/vc_column][\/vc_row]\n","protected":false},"excerpt":{"rendered":"<p>[vc_row type=&#8220;full_width_content&#8220; full_screen_row_position=&#8220;middle&#8220; equal_height=&#8220;yes&#8220; scene_position=&#8220;center&#8220; text_color=&#8220;dark&#8220; text_align=&#8220;left&#8220; overlay_strength=&#8220;0.8&#8243; shape_divider_position=&#8220;bottom&#8220; bg_image_animation=&#8220;none&#8220; shape_type=&#8220;&#8220;][vc_column column_padding=&#8220;no-extra-padding&#8220; column_padding_position=&#8220;all&#8220; background_color_opacity=&#8220;1&#8243; background_hover_color_opacity=&#8220;1&#8243; background_image=&#8220;1022&#8243; enable_bg_scale=&#8220;true&#8220; column_link_target=&#8220;_self&#8220; column_shadow=&#8220;none&#8220; column_border_radius=&#8220;none&#8220; width=&#8220;2\/3&#8243; tablet_width_inherit=&#8220;default&#8220; tablet_text_alignment=&#8220;default&#8220; phone_text_alignment=&#8220;default&#8220; column_border_width=&#8220;none&#8220; column_border_style=&#8220;solid&#8220; bg_image_animation=&#8220;none&#8220;][\/vc_column][vc_column column_padding=&#8220;padding-5-percent&#8220; column_padding_position=&#8220;all&#8220; background_color_opacity=&#8220;1&#8243;&#8230;<\/p>\n","protected":false},"author":1,"featured_media":0,"parent":0,"menu_order":0,"comment_status":"closed","ping_status":"closed","template":"","meta":{"footnotes":""},"class_list":["post-583","page","type-page","status-publish"],"yoast_head":"<!-- This site is optimized with the Yoast SEO plugin v27.6 - https:\/\/yoast.com\/product\/yoast-seo-wordpress\/ -->\n<title>Kontakt &#183; Strandchalets Katwijk<\/title>\n<meta name=\"robots\" content=\"index, follow, max-snippet:-1, max-image-preview:large, max-video-preview:-1\" \/>\n<link rel=\"canonical\" href=\"https:\/\/www.strandchaletkatwijk.nl\/de\/kontakt\/\" \/>\n<meta property=\"og:locale\" content=\"de_DE\" \/>\n<meta property=\"og:type\" content=\"article\" \/>\n<meta property=\"og:title\" content=\"Kontakt &#183; Strandchalets Katwijk\" \/>\n<meta property=\"og:description\" content=\"[vc_row type=&#8220;full_width_content&#8220; full_screen_row_position=&#8220;middle&#8220; equal_height=&#8220;yes&#8220; scene_position=&#8220;center&#8220; text_color=&#8220;dark&#8220; text_align=&#8220;left&#8220; overlay_strength=&#8220;0.8&#8243; shape_divider_position=&#8220;bottom&#8220; bg_image_animation=&#8220;none&#8220; shape_type=&#8220;&#8220;][vc_column column_padding=&#8220;no-extra-padding&#8220; column_padding_position=&#8220;all&#8220; background_color_opacity=&#8220;1&#8243; background_hover_color_opacity=&#8220;1&#8243; background_image=&#8220;1022&#8243; enable_bg_scale=&#8220;true&#8220; column_link_target=&#8220;_self&#8220; column_shadow=&#8220;none&#8220; column_border_radius=&#8220;none&#8220; width=&#8220;2\/3&#8243; tablet_width_inherit=&#8220;default&#8220; tablet_text_alignment=&#8220;default&#8220; phone_text_alignment=&#8220;default&#8220; column_border_width=&#8220;none&#8220; column_border_style=&#8220;solid&#8220; bg_image_animation=&#8220;none&#8220;][\/vc_column][vc_column column_padding=&#8220;padding-5-percent&#8220; column_padding_position=&#8220;all&#8220; background_color_opacity=&#8220;1&#8243;...\" \/>\n<meta property=\"og:url\" content=\"https:\/\/www.strandchaletkatwijk.nl\/de\/kontakt\/\" \/>\n<meta property=\"og:site_name\" content=\"Strandchalets Katwijk\" \/>\n<meta property=\"article:publisher\" content=\"https:\/\/www.facebook.com\/ZANDkw\" \/>\n<meta property=\"article:modified_time\" content=\"2020-04-14T10:06:59+00:00\" \/>\n<meta name=\"twitter:card\" content=\"summary_large_image\" \/>\n<meta name=\"twitter:label1\" content=\"Gesch\u00e4tzte Lesezeit\" \/>\n\t<meta name=\"twitter:data1\" content=\"5\u00a0Minuten\" \/>\n<script type=\"application\/ld+json\" class=\"yoast-schema-graph\">{\"@context\":\"https:\\\/\\\/schema.org\",\"@graph\":[{\"@type\":\"WebPage\",\"@id\":\"https:\\\/\\\/www.strandchaletkatwijk.nl\\\/de\\\/kontakt\\\/\",\"url\":\"https:\\\/\\\/www.strandchaletkatwijk.nl\\\/de\\\/kontakt\\\/\",\"name\":\"Kontakt &#183; Strandchalets Katwijk\",\"isPartOf\":{\"@id\":\"https:\\\/\\\/www.strandchaletkatwijk.nl\\\/#website\"},\"datePublished\":\"2019-08-14T13:58:27+00:00\",\"dateModified\":\"2020-04-14T10:06:59+00:00\",\"breadcrumb\":{\"@id\":\"https:\\\/\\\/www.strandchaletkatwijk.nl\\\/de\\\/kontakt\\\/#breadcrumb\"},\"inLanguage\":\"de\",\"potentialAction\":[{\"@type\":\"ReadAction\",\"target\":[\"https:\\\/\\\/www.strandchaletkatwijk.nl\\\/de\\\/kontakt\\\/\"]}]},{\"@type\":\"BreadcrumbList\",\"@id\":\"https:\\\/\\\/www.strandchaletkatwijk.nl\\\/de\\\/kontakt\\\/#breadcrumb\",\"itemListElement\":[{\"@type\":\"ListItem\",\"position\":1,\"name\":\"Home\",\"item\":\"https:\\\/\\\/www.strandchaletkatwijk.nl\\\/de\\\/\"},{\"@type\":\"ListItem\",\"position\":2,\"name\":\"Kontakt\"}]},{\"@type\":\"WebSite\",\"@id\":\"https:\\\/\\\/www.strandchaletkatwijk.nl\\\/#website\",\"url\":\"https:\\\/\\\/www.strandchaletkatwijk.nl\\\/\",\"name\":\"Strandchalets Katwijk\",\"description\":\"Strandhuisjes op het strand van Katwijk\",\"publisher\":{\"@id\":\"https:\\\/\\\/www.strandchaletkatwijk.nl\\\/#organization\"},\"potentialAction\":[{\"@type\":\"SearchAction\",\"target\":{\"@type\":\"EntryPoint\",\"urlTemplate\":\"https:\\\/\\\/www.strandchaletkatwijk.nl\\\/?s={search_term_string}\"},\"query-input\":{\"@type\":\"PropertyValueSpecification\",\"valueRequired\":true,\"valueName\":\"search_term_string\"}}],\"inLanguage\":\"de\"},{\"@type\":\"Organization\",\"@id\":\"https:\\\/\\\/www.strandchaletkatwijk.nl\\\/#organization\",\"name\":\"Strandchalet Katwijk\",\"url\":\"https:\\\/\\\/www.strandchaletkatwijk.nl\\\/\",\"logo\":{\"@type\":\"ImageObject\",\"inLanguage\":\"de\",\"@id\":\"https:\\\/\\\/www.strandchaletkatwijk.nl\\\/#\\\/schema\\\/logo\\\/image\\\/\",\"url\":\"https:\\\/\\\/www.strandchaletkatwijk.nl\\\/wp-content\\\/uploads\\\/logo-strandchalet-katwijk.png\",\"contentUrl\":\"https:\\\/\\\/www.strandchaletkatwijk.nl\\\/wp-content\\\/uploads\\\/logo-strandchalet-katwijk.png\",\"width\":564,\"height\":78,\"caption\":\"Strandchalet Katwijk\"},\"image\":{\"@id\":\"https:\\\/\\\/www.strandchaletkatwijk.nl\\\/#\\\/schema\\\/logo\\\/image\\\/\"},\"sameAs\":[\"https:\\\/\\\/www.facebook.com\\\/ZANDkw\",\"https:\\\/\\\/www.instagram.com\\\/zandkw\\\/\"]}]}<\/script>\n<!-- \/ Yoast SEO plugin. -->","yoast_head_json":{"title":"Kontakt &#183; Strandchalets Katwijk","robots":{"index":"index","follow":"follow","max-snippet":"max-snippet:-1","max-image-preview":"max-image-preview:large","max-video-preview":"max-video-preview:-1"},"canonical":"https:\/\/www.strandchaletkatwijk.nl\/de\/kontakt\/","og_locale":"de_DE","og_type":"article","og_title":"Kontakt &#183; Strandchalets Katwijk","og_description":"[vc_row type=&#8220;full_width_content&#8220; full_screen_row_position=&#8220;middle&#8220; equal_height=&#8220;yes&#8220; scene_position=&#8220;center&#8220; text_color=&#8220;dark&#8220; text_align=&#8220;left&#8220; overlay_strength=&#8220;0.8&#8243; shape_divider_position=&#8220;bottom&#8220; bg_image_animation=&#8220;none&#8220; shape_type=&#8220;&#8220;][vc_column column_padding=&#8220;no-extra-padding&#8220; column_padding_position=&#8220;all&#8220; background_color_opacity=&#8220;1&#8243; background_hover_color_opacity=&#8220;1&#8243; background_image=&#8220;1022&#8243; enable_bg_scale=&#8220;true&#8220; column_link_target=&#8220;_self&#8220; column_shadow=&#8220;none&#8220; column_border_radius=&#8220;none&#8220; width=&#8220;2\/3&#8243; tablet_width_inherit=&#8220;default&#8220; tablet_text_alignment=&#8220;default&#8220; phone_text_alignment=&#8220;default&#8220; column_border_width=&#8220;none&#8220; column_border_style=&#8220;solid&#8220; bg_image_animation=&#8220;none&#8220;][\/vc_column][vc_column column_padding=&#8220;padding-5-percent&#8220; column_padding_position=&#8220;all&#8220; background_color_opacity=&#8220;1&#8243;...","og_url":"https:\/\/www.strandchaletkatwijk.nl\/de\/kontakt\/","og_site_name":"Strandchalets Katwijk","article_publisher":"https:\/\/www.facebook.com\/ZANDkw","article_modified_time":"2020-04-14T10:06:59+00:00","twitter_card":"summary_large_image","twitter_misc":{"Gesch\u00e4tzte Lesezeit":"5\u00a0Minuten"},"schema":{"@context":"https:\/\/schema.org","@graph":[{"@type":"WebPage","@id":"https:\/\/www.strandchaletkatwijk.nl\/de\/kontakt\/","url":"https:\/\/www.strandchaletkatwijk.nl\/de\/kontakt\/","name":"Kontakt &#183; Strandchalets Katwijk","isPartOf":{"@id":"https:\/\/www.strandchaletkatwijk.nl\/#website"},"datePublished":"2019-08-14T13:58:27+00:00","dateModified":"2020-04-14T10:06:59+00:00","breadcrumb":{"@id":"https:\/\/www.strandchaletkatwijk.nl\/de\/kontakt\/#breadcrumb"},"inLanguage":"de","potentialAction":[{"@type":"ReadAction","target":["https:\/\/www.strandchaletkatwijk.nl\/de\/kontakt\/"]}]},{"@type":"BreadcrumbList","@id":"https:\/\/www.strandchaletkatwijk.nl\/de\/kontakt\/#breadcrumb","itemListElement":[{"@type":"ListItem","position":1,"name":"Home","item":"https:\/\/www.strandchaletkatwijk.nl\/de\/"},{"@type":"ListItem","position":2,"name":"Kontakt"}]},{"@type":"WebSite","@id":"https:\/\/www.strandchaletkatwijk.nl\/#website","url":"https:\/\/www.strandchaletkatwijk.nl\/","name":"Strandchalets Katwijk","description":"Strandhuisjes op het strand van Katwijk","publisher":{"@id":"https:\/\/www.strandchaletkatwijk.nl\/#organization"},"potentialAction":[{"@type":"SearchAction","target":{"@type":"EntryPoint","urlTemplate":"https:\/\/www.strandchaletkatwijk.nl\/?s={search_term_string}"},"query-input":{"@type":"PropertyValueSpecification","valueRequired":true,"valueName":"search_term_string"}}],"inLanguage":"de"},{"@type":"Organization","@id":"https:\/\/www.strandchaletkatwijk.nl\/#organization","name":"Strandchalet Katwijk","url":"https:\/\/www.strandchaletkatwijk.nl\/","logo":{"@type":"ImageObject","inLanguage":"de","@id":"https:\/\/www.strandchaletkatwijk.nl\/#\/schema\/logo\/image\/","url":"https:\/\/www.strandchaletkatwijk.nl\/wp-content\/uploads\/logo-strandchalet-katwijk.png","contentUrl":"https:\/\/www.strandchaletkatwijk.nl\/wp-content\/uploads\/logo-strandchalet-katwijk.png","width":564,"height":78,"caption":"Strandchalet Katwijk"},"image":{"@id":"https:\/\/www.strandchaletkatwijk.nl\/#\/schema\/logo\/image\/"},"sameAs":["https:\/\/www.facebook.com\/ZANDkw","https:\/\/www.instagram.com\/zandkw\/"]}]}},"_links":{"self":[{"href":"https:\/\/www.strandchaletkatwijk.nl\/de\/wp-json\/wp\/v2\/pages\/583","targetHints":{"allow":["GET"]}}],"collection":[{"href":"https:\/\/www.strandchaletkatwijk.nl\/de\/wp-json\/wp\/v2\/pages"}],"about":[{"href":"https:\/\/www.strandchaletkatwijk.nl\/de\/wp-json\/wp\/v2\/types\/page"}],"author":[{"embeddable":true,"href":"https:\/\/www.strandchaletkatwijk.nl\/de\/wp-json\/wp\/v2\/users\/1"}],"replies":[{"embeddable":true,"href":"https:\/\/www.strandchaletkatwijk.nl\/de\/wp-json\/wp\/v2\/comments?post=583"}],"version-history":[{"count":0,"href":"https:\/\/www.strandchaletkatwijk.nl\/de\/wp-json\/wp\/v2\/pages\/583\/revisions"}],"wp:attachment":[{"href":"https:\/\/www.strandchaletkatwijk.nl\/de\/wp-json\/wp\/v2\/media?parent=583"}],"curies":[{"name":"wp","href":"https:\/\/api.w.org\/{rel}","templated":true}]}}